{"id":1102,"date":"2023-01-22T14:04:56","date_gmt":"2023-01-22T13:04:56","guid":{"rendered":"https:\/\/malya.fotografie-websites.de\/?page_id=1102"},"modified":"2025-01-03T08:55:38","modified_gmt":"2025-01-03T07:55:38","slug":"impressum","status":"publish","type":"page","link":"https:\/\/www.kleine-schaetze-kitafotografie.de\/?page_id=1102","title":{"rendered":"Impressum"},"content":{"rendered":"<style>.kb-row-layout-id1102_46a8b0-5e > .kt-row-column-wrap{align-content:start;}:where(.kb-row-layout-id1102_46a8b0-5e > .kt-row-column-wrap) > .wp-block-kadence-column{justify-content:start;}.kb-row-layout-id1102_46a8b0-5e > .kt-row-column-wrap{column-gap:var(--global-kb-gap-md, 2rem);row-gap:var(--global-kb-gap-md, 2rem);max-width:var( --global-content-width, 1290px );padding-left:var(--global-content-edge-padding);padding-right:var(--global-content-edge-padding);padding-top:var(--global-kb-spacing-sm, 1.5rem);padding-bottom:var(--global-kb-spacing-sm, 1.5rem);grid-template-columns:minmax(0, 1fr);}.kb-row-layout-id1102_46a8b0-5e > .kt-row-layout-overlay{opacity:0.30;}@media all and (max-width: 1024px){.kb-row-layout-id1102_46a8b0-5e > .kt-row-column-wrap{grid-template-columns:minmax(0, 1fr);}}@media all and (max-width: 767px){.kb-row-layout-id1102_46a8b0-5e > .kt-row-column-wrap{grid-template-columns:minmax(0, 1fr);}}<\/style><div class=\"kb-row-layout-wrap kb-row-layout-id1102_46a8b0-5e alignnone wp-block-kadence-rowlayout\"><div class=\"kt-row-column-wrap kt-has-1-columns kt-row-layout-equal kt-tab-layout-inherit kt-mobile-layout-row kt-row-valign-top kb-theme-content-width\">\n<style>.kadence-column1102_b72611-ee > .kt-inside-inner-col,.kadence-column1102_b72611-ee > .kt-inside-inner-col:before{border-top-left-radius:0px;border-top-right-radius:0px;border-bottom-right-radius:0px;border-bottom-left-radius:0px;}.kadence-column1102_b72611-ee > .kt-inside-inner-col{column-gap:var(--global-kb-gap-sm, 1rem);}.kadence-column1102_b72611-ee > .kt-inside-inner-col{flex-direction:column;}.kadence-column1102_b72611-ee > .kt-inside-inner-col > .aligncenter{width:100%;}.kadence-column1102_b72611-ee > .kt-inside-inner-col:before{opacity:0.3;}.kadence-column1102_b72611-ee{position:relative;}@media all and (max-width: 1024px){.kadence-column1102_b72611-ee > .kt-inside-inner-col{flex-direction:column;}}@media all and (max-width: 767px){.kadence-column1102_b72611-ee > .kt-inside-inner-col{flex-direction:column;}}<\/style>\n<div class=\"wp-block-kadence-column kadence-column1102_b72611-ee\"><div class=\"kt-inside-inner-col\"><style>.wp-block-kadence-advancedheading.kt-adv-heading1102_0641e2-f3, .wp-block-kadence-advancedheading.kt-adv-heading1102_0641e2-f3[data-kb-block=\"kb-adv-heading1102_0641e2-f3\"]{text-align:center;font-style:normal;}.wp-block-kadence-advancedheading.kt-adv-heading1102_0641e2-f3 mark.kt-highlight, .wp-block-kadence-advancedheading.kt-adv-heading1102_0641e2-f3[data-kb-block=\"kb-adv-heading1102_0641e2-f3\"] mark.kt-highlight{font-style:normal;color:#f76a0c;padding-top:0px;padding-right:0px;padding-bottom:0px;padding-left:0px;}<\/style>\n<h1 class=\"kt-adv-heading1102_0641e2-f3 wp-block-kadence-advancedheading\" data-kb-block=\"kb-adv-heading1102_0641e2-f3\">Impressum<\/h1>\n\n\n\n<div class=\"wp-block-group\"><div class=\"wp-block-group__inner-container is-layout-constrained wp-block-group-is-layout-constrained\">\n<p><strong>Angaben gem\u00e4\u00df \u00a7 5 TMG:<\/strong><\/p>\n\n\n\n<p>Kleine Sch\u00e4tze Kitafotografie<\/p>\n\n\n\n<p>Stefanie Titgemeyer<\/p>\n\n\n\n<p>Adolf-Staperfeld-Str. 54<\/p>\n\n\n\n<p>49082 Osnabr\u00fcck<\/p>\n\n\n\n<p><strong>Kontakt:<\/strong><\/p>\n\n\n\n<p>Telefon:\u00a00541 5978158<\/p>\n\n\n\n<p>Mail: info@die-shootingwerkstatt.de<\/p>\n\n\n\n<p>Umsatzsteuer-ID: DE 251415977<\/p>\n<\/div><\/div>\n\n\n\n<p><strong>Fotos &amp; Grafiken:&nbsp;<\/strong><\/p>\n\n\n\n<p>Rechteinhaber: Stefanie Titgemeyer <\/p>\n\n\n\n<div class=\"wp-block-group\"><div class=\"wp-block-group__inner-container is-layout-constrained wp-block-group-is-layout-constrained\">\n<p><strong>Warenzeichen: &nbsp; &nbsp;<\/strong><\/p>\n\n\n\n<p>Alle erw\u00e4hnten Markenrechte oder benutzten Markenzeichen stehen dem jeweiligen Rechtsinhaber zu.<\/p>\n\n\n\n<p><strong>Copyright: &nbsp; &nbsp; &nbsp; &nbsp; &nbsp;<\/strong><\/p>\n\n\n\n<p>Alle Rechte vorbehalten, soweit nicht Rechte Dritter gesetzlich und vertraglich ber\u00fchrt sind. Texte, Bilder, Grafiken,&nbsp;Gestaltung \/ Layout \/ Anordnung unterliegen (ebenso wie Schriftz\u00fcge und Logos) dem Schutz des Urheberrechtes und aller Schutzgesetze. Der Inhalt dieser&nbsp;Homepage darf nicht kopiert, verbreitet, ver\u00e4ndert, eingesetzt (z. B. Pr\u00e4sentationen), in Datenbest\u00e4nden abgespeichert oder Dritten zug\u00e4nglich gemacht \/ vertrieben werden. Dazu ist eine schriftliche Genehmigung des Herausgebers und\/oder Webmasters n\u00f6tig.<\/p>\n\n\n\n<p><strong>Haftung f\u00fcr Inhalte:<\/strong><\/p>\n\n\n\n<p>Die Inhalte unserer Seiten wurden mit gr\u00f6\u00dfter Sorgfalt erstellt. F\u00fcr die Richtigkeit, Vollst\u00e4ndigkeit und Aktualit\u00e4t der Inhalte k\u00f6nnen wir jedoch keine Gew\u00e4hr \u00fcbernehmen.<br>Als Diensteanbieter sind wir gem\u00e4\u00df \u00a7 7 Abs.1 TMG f\u00fcr eigene Inhalte auf diesen Seiten nach den allgemeinen Gesetzen verantwortlich. Nach \u00a7\u00a7 8 bis 10 TMG sind wir<br>als Diensteanbieter jedoch nicht verpflichtet, \u00fcbermittelte oder gespeicherte fremde Informationen zu \u00fcberwachen oder nach Umst\u00e4nden zu forschen, die auf eine rechtswidrige<br>T\u00e4tigkeit hinweisen. Verpflichtungen zur Entfernung oder Sperrung der Nutzung von Informationen nach den allgemeinen Gesetzen bleiben hiervon unber\u00fchrt. Eine diesbez\u00fcgliche<br>Haftung ist jedoch erst ab dem Zeitpunkt der Kenntnis einer konkreten Rechtsverletzung m\u00f6glich. Bei Bekanntwerden von entsprechenden Rechtsverletzungen werden wir diese<br>Inhalte umgehend entfernen.<\/p>\n\n\n\n<p><strong>Haftung f\u00fcr Links:<\/strong><\/p>\n\n\n\n<p>Unser Angebot enth\u00e4lt Links zu externen Webseiten Dritter, auf deren Inhalte wir keinen Einfluss haben. Deshalb k\u00f6nnen wir f\u00fcr diese fremden Inhalte auch keine Gew\u00e4hr<br>\u00fcbernehmen. F\u00fcr die Inhalte der verlinkten Seiten ist stets der jeweilige Anbieter oder Betreiber der Seiten verantwortlich. Die verlinkten Seiten wurden zum Zeitpunkt der<br>Verlinkung auf m\u00f6gliche Rechtsverst\u00f6\u00dfe \u00fcberpr\u00fcft. Rechtswidrige Inhalte waren zum Zeitpunkt der<br>Verlinkung nicht erkennbar. Eine permanente inhaltliche Kontrolle der verlinkten Seiten ist jedoch ohne konkrete Anhaltspunkte einer Rechtsverletzung nicht zumutbar.<br>Bei Bekanntwerden von Rechtsverletzungen werden wir derartige Links umgehend entfernen.<\/p>\n\n\n\n<p><strong>Sicherheit und Datenschutz:<\/strong><\/p>\n\n\n\n<p>Wir nehmen den Schutz personenbezogener Daten sehr ernst. Bei unseren Aktivit\u00e4ten im Internet handeln wir in \u00dcbereinstimmung mit dem Bundesdatenschutzgesetz. Pers\u00f6nliche<br>Daten, die Sie uns bei Ihrem Besuch auf unseren Internet-Seiten \u00fcberlassen, werden ausschlie\u00dflich zur Bearbeitung Ihres Auftrages, unter Beachtung der gesetzlichen Datenschutzbestimmungen, gespeichert. In keinem Fall werden wir Ihre Daten wissentlich oder willentlich an Dritte weiterleiten, ohne vorher Ihre Erlaubnis eingeholt zu haben.<br>Wir werden Daten, die uns zur Abwicklung von Auftr\u00e4gen vertrauensvoll \u00fcberlassen wurden, nicht an Dritte verkaufen, vermieten oder sonst wie zug\u00e4nglich machen.<\/p>\n\n\n\n<p><strong>Datenschutzerkl\u00e4rung f\u00fcr die Nutzung von Facebook Social Plugins (Like-Button, Share-Button)<\/strong><\/p>\n\n\n\n<p>Unser Internetauftritt verwendet Social Plugins (\u201ePlugins\u201c) des sozialen Netzwerkes facebook.com, welches von der Facebook Inc., 1601 S. California Ave, Palo Alto, CA 94304, USA betrieben wird (\u201eFacebook\u201c). Die Plugins sind mit einem Facebook Logo oder dem Zusatz \u201eFacebook Social Plugin\u201c gekennzeichnet. Wenn Sie eine Webseite unseres Internetauftritts aufrufen, die ein solches Plugin enth\u00e4lt, baut Ihr Browser eine direkte Verbindung mit den Servern von Facebook auf. Der Inhalt des Plugins wird von Facebook direkt an Ihren<br>Browser \u00fcbermittelt und von diesem in die Webseite eingebunden. Durch die Einbindung der Plugins erh\u00e4lt Facebook die Information, dass Sie die entsprechende Seite unseres Internetauftritts aufgerufen haben. Sind Sie bei Facebook eingeloggt kann Facebook den Besuch Ihrem Facebook-Konto zuordnen. Wenn Sie mit den Plugins interagieren, zum<br>Beispiel den \u201eGef\u00e4llt mir\u201c Button bet\u00e4tigen oder einen Kommentar abgeben, wird die entsprechende Information von Ihrem Browser direkt an Facebook \u00fcbermittelt und dort gespeichert. Zweck und Umfang der Datenerhebung und die weitere Verarbeitung und Nutzung der Daten durch Facebook sowie Ihre diesbez\u00fcglichen Rechte und Einstellungsm\u00f6glichkeiten zum<br>Schutz Ihrer Privatssph\u00e4re entnehmen Sie bitte den Datenschutzhinweisen von Facebook. Wenn Sie nicht m\u00f6chten, dass Facebook \u00fcber unseren Internetauftritt Daten \u00fcber Sie sammelt, m\u00fcssen Sie sich vor Ihrem Besuch unseres Internetauftritts bei Facebook ausloggen.<\/p>\n\n\n\n<p id=\"Datenschutz\"><strong>Datenschutzerkl\u00e4rung f\u00fcr die Nutzung von Google Analytics<\/strong><\/p>\n\n\n\n<p>Diese Website benutzt Google Analytics, einen Webanalysedienst der Google Inc. (\u201eGoogle\u201c). Google Analytics verwendet sog. \u201eCookies\u201c, Textdateien, die auf Ihrem Computer<br>gespeichert werden und die eine Analyse der Benutzung der Website durch Sie erm\u00f6glicht. Die durch den Cookie erzeugten Informationen \u00fcber Ihre Benutzung dieser Website<br>(einschlie\u00dflich Ihrer IP-Adresse) wird an einen Server von Google in den USA \u00fcbertragen und dort gespeichert. Google wird diese Informationen benutzen, um Ihre Nutzung der<br>Website auszuwerten, um Reports \u00fcber die Websiteaktivit\u00e4ten f\u00fcr die Websitebetreiber zusammenzustellen und um weitere mit der Websitenutzung und der Internetnutzung verbundene Dienstleistungen zu erbringen. Auch wird Google diese Informationen gegebenenfalls an Dritte \u00fcbertragen, sofern dies gesetzlich vorgeschrieben ist oder soweit Dritte diese Daten im<br>Auftrag von Google verarbeiten. Google wird in keinem Fall Ihre IP-Adresse mit anderen Daten der Google Inc. in Verbindung bringen. Sie k\u00f6nnen die Installation der Cookies durch eine entsprechende Einstellung Ihrer Browser Software verhindern; wir weisen Sie jedoch darauf hin, dass Sie in diesem Fall gegebenenfalls nicht s\u00e4mtliche<br>Funktionen dieser Website voll umf\u00e4nglich nutzen k\u00f6nnen. Durch die Nutzung dieser Website erkl\u00e4ren Sie sich mit der Bearbeitung der \u00fcber Sie erhobenen Daten durch Google in<br>der zuvor beschriebenen Art und Weise und zu dem zuvor benannten Zweck einverstanden.<\/p>\n<\/div><\/div>\n\n\n<style>.wp-block-kadence-advancedheading.kt-adv-heading1102_e32b31-e0, .wp-block-kadence-advancedheading.kt-adv-heading1102_e32b31-e0[data-kb-block=\"kb-adv-heading1102_e32b31-e0\"]{font-style:normal;}.wp-block-kadence-advancedheading.kt-adv-heading1102_e32b31-e0 mark.kt-highlight, .wp-block-kadence-advancedheading.kt-adv-heading1102_e32b31-e0[data-kb-block=\"kb-adv-heading1102_e32b31-e0\"] mark.kt-highlight{font-style:normal;color:#f76a0c;padding-top:0px;padding-right:0px;padding-bottom:0px;padding-left:0px;}<\/style>\n<p class=\"kt-adv-heading1102_e32b31-e0 wp-block-kadence-advancedheading\" data-kb-block=\"kb-adv-heading1102_e32b31-e0\"><\/p>\n<\/div><\/div>\n\n<\/div><\/div>\n\n\n<p><\/p>\n","protected":false},"excerpt":{"rendered":"<p>Impressum Angaben gem\u00e4\u00df \u00a7 5 TMG: Kleine Sch\u00e4tze Kitafotografie Stefanie Titgemeyer Adolf-Staperfeld-Str. 54 49082 Osnabr\u00fcck Kontakt: Telefon:\u00a00541 5978158 Mail: info@die-shootingwerkstatt.de Umsatzsteuer-ID: DE 251415977 Fotos &amp; Grafiken:&nbsp; Rechteinhaber: Stefanie Titgemeyer Warenzeichen: &nbsp; &nbsp; Alle erw\u00e4hnten Markenrechte oder benutzten Markenzeichen stehen dem jeweiligen Rechtsinhaber zu. Copyright: &nbsp; &nbsp; &nbsp; &nbsp; &nbsp; Alle Rechte vorbehalten, soweit nicht Rechte&#8230;<\/p>\n","protected":false},"author":1,"featured_media":0,"parent":0,"menu_order":0,"comment_status":"closed","ping_status":"closed","template":"","meta":{"_kadence_starter_templates_imported_post":true,"_kad_post_transparent":"","_kad_post_title":"","_kad_post_layout":"","_kad_post_sidebar_id":"","_kad_post_content_style":"","_kad_post_vertical_padding":"","_kad_post_feature":"","_kad_post_feature_position":"","_kad_post_header":false,"_kad_post_footer":false,"footnotes":""},"class_list":["post-1102","page","type-page","status-publish","hentry"],"_links":{"self":[{"href":"https:\/\/www.kleine-schaetze-kitafotografie.de\/index.php?rest_route=\/wp\/v2\/pages\/1102","targetHints":{"allow":["GET"]}}],"collection":[{"href":"https:\/\/www.kleine-schaetze-kitafotografie.de\/index.php?rest_route=\/wp\/v2\/pages"}],"about":[{"href":"https:\/\/www.kleine-schaetze-kitafotografie.de\/index.php?rest_route=\/wp\/v2\/types\/page"}],"author":[{"embeddable":true,"href":"https:\/\/www.kleine-schaetze-kitafotografie.de\/index.php?rest_route=\/wp\/v2\/users\/1"}],"replies":[{"embeddable":true,"href":"https:\/\/www.kleine-schaetze-kitafotografie.de\/index.php?rest_route=%2Fwp%2Fv2%2Fcomments&post=1102"}],"version-history":[{"count":1,"href":"https:\/\/www.kleine-schaetze-kitafotografie.de\/index.php?rest_route=\/wp\/v2\/pages\/1102\/revisions"}],"predecessor-version":[{"id":2223,"href":"https:\/\/www.kleine-schaetze-kitafotografie.de\/index.php?rest_route=\/wp\/v2\/pages\/1102\/revisions\/2223"}],"wp:attachment":[{"href":"https:\/\/www.kleine-schaetze-kitafotografie.de\/index.php?rest_route=%2Fwp%2Fv2%2Fmedia&parent=1102"}],"curies":[{"name":"wp","href":"https:\/\/api.w.org\/{rel}","templated":true}]}}